{"id":55,"date":"2018-07-16T17:32:29","date_gmt":"2018-07-16T17:32:29","guid":{"rendered":"https:\/\/p4y.revolutiontech.com.br\/index.php\/product\/long-summer-dress\/"},"modified":"2025-11-05T22:47:21","modified_gmt":"2025-11-05T22:47:21","slug":"piratas-casal","status":"publish","type":"product","link":"https:\/\/p4y.revolutiontech.com.br\/index.php\/product\/piratas-casal\/","title":{"rendered":"Piratas Casal"},"content":{"rendered":"<p>Estes elegantes trajes remetem aos temas cl\u00e1ssicos de piratas e criam um visual incr\u00edvel! O\u00a0casal se sentir\u00e1 numa aventura em alto mar.\u00a0Quando chegar a pr\u00f3xima festa, a aventura nesse traje cl\u00e1ssico ser\u00e1 encontrar uma boa ilha para guardar todo aquele tesouro!<\/p>\n","protected":false},"excerpt":{"rendered":"<p>Estes elegantes trajes remetem aos temas cl\u00e1ssicos de piratas e criam um visual incr\u00edvel! O\u00a0casal se sentir\u00e1 numa aventura em alto mar.\u00a0Quando chegar a pr\u00f3xima festa, a aventura nesse traje cl\u00e1ssico ser\u00e1 encontrar uma boa ilha para guardar todo aquele tesouro!<\/p>\n","protected":false},"featured_media":139,"comment_status":"open","ping_status":"closed","template":"","meta":[],"product_brand":[],"product_cat":[35,28],"product_tag":[39,40,38],"class_list":{"0":"post-55","1":"product","2":"type-product","3":"status-publish","4":"has-post-thumbnail","6":"product_cat-fantasias-para-casais","7":"product_cat-luxo","8":"product_tag-casais","9":"product_tag-medieval","10":"product_tag-piratas","12":"first","13":"instock","14":"shipping-taxable","15":"purchasable","16":"product-type-simple"},"_links":{"self":[{"href":"https:\/\/p4y.revolutiontech.com.br\/index.php\/wp-json\/wp\/v2\/product\/55","targetHints":{"allow":["GET"]}}],"collection":[{"href":"https:\/\/p4y.revolutiontech.com.br\/index.php\/wp-json\/wp\/v2\/product"}],"about":[{"href":"https:\/\/p4y.revolutiontech.com.br\/index.php\/wp-json\/wp\/v2\/types\/product"}],"replies":[{"embeddable":true,"href":"https:\/\/p4y.revolutiontech.com.br\/index.php\/wp-json\/wp\/v2\/comments?post=55"}],"wp:featuredmedia":[{"embeddable":true,"href":"https:\/\/p4y.revolutiontech.com.br\/index.php\/wp-json\/wp\/v2\/media\/139"}],"wp:attachment":[{"href":"https:\/\/p4y.revolutiontech.com.br\/index.php\/wp-json\/wp\/v2\/media?parent=55"}],"wp:term":[{"taxonomy":"product_brand","embeddable":true,"href":"https:\/\/p4y.revolutiontech.com.br\/index.php\/wp-json\/wp\/v2\/product_brand?post=55"},{"taxonomy":"product_cat","embeddable":true,"href":"https:\/\/p4y.revolutiontech.com.br\/index.php\/wp-json\/wp\/v2\/product_cat?post=55"},{"taxonomy":"product_tag","embeddable":true,"href":"https:\/\/p4y.revolutiontech.com.br\/index.php\/wp-json\/wp\/v2\/product_tag?post=55"}],"curies":[{"name":"wp","href":"https:\/\/api.w.org\/{rel}","templated":true}]}}