{"id":53,"date":"2018-07-16T17:40:37","date_gmt":"2018-07-16T17:40:37","guid":{"rendered":"https:\/\/p4y.revolutiontech.com.br\/index.php\/product\/red-bandeau-maxi-dress\/"},"modified":"2025-11-05T17:20:53","modified_gmt":"2025-11-05T17:20:53","slug":"palhaco-sadico","status":"publish","type":"product","link":"https:\/\/p4y.revolutiontech.com.br\/index.php\/product\/palhaco-sadico\/","title":{"rendered":"Palha\u00e7o S\u00e1dico"},"content":{"rendered":"<p>Prepare-se para dominar qualquer festa de Halloween ou evento tem\u00e1tico com essa fantasia arrepiante de Palha\u00e7o Assassino. Com visual desgastado, express\u00e3o demon\u00edaca e detalhes que remetem a filmes de terror, essa fantasia \u00e9 a escolha perfeita para quem quer causar impacto e arrepiar at\u00e9 os mais corajosos!<\/p>\n","protected":false},"excerpt":{"rendered":"<p><strong data-start=\"635\" data-end=\"668\">Itens inclusos no aluguel:<\/strong><br data-start=\"668\" data-end=\"671\" \/>\u2714\u00a0Camisa listrada com efeito envelhecido<br data-start=\"711\" data-end=\"714\" \/>\u2714\u00a0Cal\u00e7a combinando com el\u00e1stico e babados nos tornozelos<br data-start=\"770\" data-end=\"773\" \/>\u2714\u00a0Gola preta estilo vitoriano<br data-start=\"802\" data-end=\"805\" \/>\u2714\u00a0M\u00e1scara com cabelo sint\u00e9tico vermelho e express\u00e3o assustadora<\/p>\n","protected":false},"featured_media":97,"comment_status":"open","ping_status":"closed","template":"","meta":[],"product_brand":[],"product_cat":[27,33,28],"product_tag":[32,34,31,30],"class_list":{"0":"post-53","1":"product","2":"type-product","3":"status-publish","4":"has-post-thumbnail","6":"product_cat-fantasias-halloween","7":"product_cat-fantasias-masculinas","8":"product_cat-luxo","9":"product_tag-assustador","10":"product_tag-fantasias-masculinas","11":"product_tag-halloween","12":"product_tag-terror","14":"first","15":"instock","16":"shipping-taxable","17":"purchasable","18":"product-type-simple"},"_links":{"self":[{"href":"https:\/\/p4y.revolutiontech.com.br\/index.php\/wp-json\/wp\/v2\/product\/53","targetHints":{"allow":["GET"]}}],"collection":[{"href":"https:\/\/p4y.revolutiontech.com.br\/index.php\/wp-json\/wp\/v2\/product"}],"about":[{"href":"https:\/\/p4y.revolutiontech.com.br\/index.php\/wp-json\/wp\/v2\/types\/product"}],"replies":[{"embeddable":true,"href":"https:\/\/p4y.revolutiontech.com.br\/index.php\/wp-json\/wp\/v2\/comments?post=53"}],"wp:featuredmedia":[{"embeddable":true,"href":"https:\/\/p4y.revolutiontech.com.br\/index.php\/wp-json\/wp\/v2\/media\/97"}],"wp:attachment":[{"href":"https:\/\/p4y.revolutiontech.com.br\/index.php\/wp-json\/wp\/v2\/media?parent=53"}],"wp:term":[{"taxonomy":"product_brand","embeddable":true,"href":"https:\/\/p4y.revolutiontech.com.br\/index.php\/wp-json\/wp\/v2\/product_brand?post=53"},{"taxonomy":"product_cat","embeddable":true,"href":"https:\/\/p4y.revolutiontech.com.br\/index.php\/wp-json\/wp\/v2\/product_cat?post=53"},{"taxonomy":"product_tag","embeddable":true,"href":"https:\/\/p4y.revolutiontech.com.br\/index.php\/wp-json\/wp\/v2\/product_tag?post=53"}],"curies":[{"name":"wp","href":"https:\/\/api.w.org\/{rel}","templated":true}]}}